{"id":124,"date":"2025-04-14T18:44:09","date_gmt":"2025-04-14T16:44:09","guid":{"rendered":"https:\/\/kackvegascnc.pl\/?page_id=124"},"modified":"2025-04-14T18:44:22","modified_gmt":"2025-04-14T16:44:22","slug":"cennik","status":"publish","type":"page","link":"https:\/\/kackvegascnc.pl\/index.php\/cennik\/","title":{"rendered":"Cennik"},"content":{"rendered":"\n<h2 class=\"wp-block-heading\">Cennik<\/h2>\n\n\n\n<p>Ceny zlece\u0144 ustalane s\u0105 indywidualnie, w zale\u017cno\u015bci od u\u017cywanego materia\u0142u, oraz poziomu trudno\u015bci. <\/p>\n\n\n\n<p>Mini<\/p>\n","protected":false},"excerpt":{"rendered":"<p>Cennik Ceny zlece\u0144 ustalane s\u0105 indywidualnie, w zale\u017cno\u015bci od u\u017cywanego materia\u0142u, oraz poziomu trudno\u015bci. Mini<\/p>\n","protected":false},"author":2,"featured_media":0,"parent":0,"menu_order":0,"comment_status":"closed","ping_status":"closed","template":"","meta":{"ct_builder_shortcodes":"[ct_section ct_sign_sha256='378094d2087e1d79c80bb0e221cc3d3f5143f47396314b6343e1e37af328597e' ct_options='{\"ct_id\":22,\"ct_parent\":0,\"selector\":\"section-22-124\",\"original\":{\"background-image\":\"http:\/\/kackvegascnc.pl\/wp-content\/uploads\/2023\/01\/pattern3.png\",\"height\":\"50\",\"container-padding-top\":\"165\",\"container-padding-left\":\"75\",\"container-padding-right\":\"75\",\"container-padding-bottom\":\"0\",\"background-size\":\"manual\",\"background-size-width\":\"1200\",\"background-attachment\":\"fixed\"},\"activeselector\":false}'][\/ct_section][ct_section ct_sign_sha256='33b765b34ce04ede9a3861ac12d9f42c3e834e3152c6fd146e0578144524ac08' ct_options='{\"ct_id\":2,\"ct_parent\":0,\"selector\":\"section-2-124\",\"original\":{\"text-align\":\"left\",\"align-items\":\"center\",\"container-padding-bottom\":\"0\",\"container-padding-top\":\"0\"},\"activeselector\":false}'][ct_headline ct_sign_sha256='8292e7876a2706b964c230da140099c6c7de7fd9d1941e2fe0a8d56088a578c4' ct_options='{\"ct_id\":3,\"ct_parent\":2,\"selector\":\"headline-3-124\",\"original\":{\"font-size\":\"50\",\"color\":\"#000000\",\"margin-top\":\"0\"},\"activeselector\":false}']<span style=\"font-weight: normal;\">Cennik<\/span>[\/ct_headline][\/ct_section][ct_section ct_sign_sha256='7c7dca0ed08842d5cd41adbf1ea45471bbe8747fb25d27ec66bb68628dc74e96' ct_options='{\"ct_id\":6,\"ct_parent\":0,\"selector\":\"section-6-124\",\"original\":{\"text-align\":\"left\",\"align-items\":\"center\",\"container-padding-top\":\"51\",\"border-top-style\":\"none\",\"border-right-style\":\"none\",\"border-bottom-style\":\"none\",\"border-left-style\":\"none\",\"custom-css\":\"\",\"container-padding-bottom\":\"56\",\"background-color\":\"#000\"},\"activeselector\":false}'][ct_link_text ct_sign_sha256='5c3a5f14d32acb61b9009fa4da03a6ff0b3a37fb1b965302a42884e6c99ab501' ct_options='{\"ct_id\":7,\"ct_parent\":6,\"selector\":\"text_block-7-124\",\"original\":{\"color\":\"#FFFFFF\",\"margin-left\":\"0\",\"margin-right\":\"0\",\"margin-top\":\"0\",\"text-align\":\"center\",\"font-size\":\"16\",\"margin-bottom\":\"0\"},\"activeselector\":false}']<br><b>Us\u0142ugi CNC<\/b><br><br>Ceny ustalane s\u0105 indywidualnie, w zale\u017cno\u015bci od wielko\u015bci, u\u017cytego materia\u0142u i poziomu trudno\u015bci projektu.&nbsp;<br><div align=\"center\"><br><br><b>Minimalna stawka to 200z\u0142 netto.<\/b><\/div><br><br><b><a href=\"https:\/\/kackvegascnc.pl\/index.php\/kontakt\/\">Napisz do nas<\/a><\/b><br><br>&nbsp;Nasi specjali\u015bci odpowiedz\u0105 na wszystkie Twe pytania.<br><br><br>[\/ct_link_text][ct_text_block ct_sign_sha256='bba68dd8042eaf8e9c537ed80c7c3ff1c9f0b62ff560b853a9a276ec10bb747f' ct_options='{\"ct_id\":32,\"ct_parent\":6,\"selector\":\"text_block-32-124\",\"original\":{\"color\":\"#FFFFFF\",\"margin-top\":\"81\",\"font-size\":\"16\"},\"activeselector\":false}']<div align=\"center\"> <b>P\u0142yty polipropylenowe (PP)<br><\/b><br>Oferujemy p\u0142yty PP dwustronnie (co nie jest standardem) oklejone foli\u0105, w rozmiarze 3000x1500mm.<br><br><br><b>Jako jedyni posiadamy w ofercie bia\u0142e p\u0142yty polipropylenowe. W pe\u0142ni bia\u0142e, a nie p\u00f3\u0142przezroczyste.<\/b><br><br><br>Odbi\u00f3r osobisty w Gdyni, lub wysy\u0142ka na terenie EU przy wi\u0119kszych zam\u00f3wieniach<br><br><br><br>Ceny p\u0142yt PP rozpoczynaj\u0105 si\u0119 od: <\/div>[\/ct_text_block][ct_code_block ct_sign_sha256='eaf5cad2024f75140273ab80e1d044929961f11ddf34923f4270730db6cffe72' ct_options='{\"ct_id\":23,\"ct_parent\":6,\"selector\":\"code_block-23-124\",\"original\":{\"padding-right\":\"0\",\"code-php\":\"PHRhYmxlIGNsYXNzPSJjZW5uaWsiPgogIDx0aGVhZD4KICAgIDx0cj4KICAgICAgCiAgICAgIDx0aD5QxYJ5dGEgUFA8L3RoPgogICAgICA8dGg+Q2VuYSB6xYIvbcKyPC90aD4KICAgIDwvdHI+CiAgPC90aGVhZD4KICA8dGJvZHk+CiAgICA8dHI+CiAgICAgIDx0ZD42IG1tPC90ZD4KICAgICAgPHRkPkNlbmEgbmV0dG86IDc2LDQ2PC90ZD4KICAgICAgPHRkPkNlbmEgYnJ1dHRvOiA5NCwwMTwvdGQ+CiAgICA8L3RyPgogICAgPHRyPgogICAgICA8dGQ+OCBtbTwvdGQ+CiAgICAgIDx0ZD5DZW5hIG5ldHRvOiAxMDIsNTE8L3RkPgogICAgICA8dGQ+Q2VuYSBicnV0dG86IDEyNiwwOTwvdGQ+CiAgICA8L3RyPgogICAgPHRyPgogICAgICA8dGQ+MTQgbW08L3RkPgogICAgICA8dGQ+Q2VuYSBuZXR0bzogMTc4LDc5PC90ZD4KICAgICAgPHRkPkNlbmEgYnJ1dHRvOiAyMTksOTA8L3RkPgogICAgPC90cj4KICA8L3Rib2R5Pgo8L3RhYmxlPg==\",\"code-css\":\"LmNlbm5payB7CiAgd2lkdGg6IDEwMCU7CiAgYm9yZGVyLWNvbGxhcHNlOiBjb2xsYXBzZTsKICBmb250LWZhbWlseTogc2Fucy1zZXJpZjsKfQoKLmNlbm5payB0aCwgLmNlbm5payB0ZCB7CiAgcGFkZGluZzogMTJweDsKICBib3JkZXI6IDFweCBzb2xpZCAjZGRkOwogIHRleHQtYWxpZ246IGxlZnQ7Cn0KCi5jZW5uaWsgdGhlYWQgewogIGJhY2tncm91bmQtY29sb3I6ICNmNWY1ZjU7CiAgZm9udC13ZWlnaHQ6IGJvbGQ7Cn0KCi5jZW5uaWsgdHI6aG92ZXIgewogIGJhY2tncm91bmQtY29sb3I6ICNmOWY5Zjk7Cn0=\",\"margin-top\":\"15\",\"margin-bottom\":\"7\",\"padding-top\":\"16\"},\"activeselector\":false}'][\/ct_code_block][ct_text_block ct_sign_sha256='af933f9d273551c9e8f9a20ce61544abae355522a88ff35e83b7f1ad805f12b6' ct_options='{\"ct_id\":38,\"ct_parent\":6,\"selector\":\"text_block-38-124\"}']<br>[\/ct_text_block][ct_text_block ct_sign_sha256='d7e361c1d5d0a77c5841ed3569ad9214cb7a49f04da14e688fd8d2a7d0710de3' ct_options='{\"ct_id\":47,\"ct_parent\":6,\"selector\":\"text_block-47-124\",\"original\":{\"color\":\"#FFFFFF\"},\"activeselector\":false}']przy wi\u0119kszych zam\u00f3wieniach mo\u017cliwo\u015b\u0107 negocjacji[\/ct_text_block][\/ct_section][ct_section ct_sign_sha256='c0398511206141ab8f2ae16f6191d986bdd99a4ef0ac2f33a337e5c182046c61' ct_options='{\"ct_id\":21,\"ct_parent\":0,\"selector\":\"section-21-124\",\"original\":{\"background-image\":\"http:\/\/kackvegascnc.pl\/wp-content\/uploads\/2023\/01\/pattern3.png\",\"background-attachment\":\"fixed\",\"background-size\":\"contain\",\"container-padding-bottom\":\"0\",\"height\":\"50\"},\"activeselector\":false}'][\/ct_section]","ct_template_type":"","ct_parent_template":0,"footnotes":""},"class_list":["post-124","page","type-page","status-publish","hentry"],"_links":{"self":[{"href":"https:\/\/kackvegascnc.pl\/index.php\/wp-json\/wp\/v2\/pages\/124","targetHints":{"allow":["GET"]}}],"collection":[{"href":"https:\/\/kackvegascnc.pl\/index.php\/wp-json\/wp\/v2\/pages"}],"about":[{"href":"https:\/\/kackvegascnc.pl\/index.php\/wp-json\/wp\/v2\/types\/page"}],"author":[{"embeddable":true,"href":"https:\/\/kackvegascnc.pl\/index.php\/wp-json\/wp\/v2\/users\/2"}],"replies":[{"embeddable":true,"href":"https:\/\/kackvegascnc.pl\/index.php\/wp-json\/wp\/v2\/comments?post=124"}],"version-history":[{"count":1,"href":"https:\/\/kackvegascnc.pl\/index.php\/wp-json\/wp\/v2\/pages\/124\/revisions"}],"predecessor-version":[{"id":127,"href":"https:\/\/kackvegascnc.pl\/index.php\/wp-json\/wp\/v2\/pages\/124\/revisions\/127"}],"wp:attachment":[{"href":"https:\/\/kackvegascnc.pl\/index.php\/wp-json\/wp\/v2\/media?parent=124"}],"curies":[{"name":"wp","href":"https:\/\/api.w.org\/{rel}","templated":true}]}}