{"id":26,"date":"2018-05-01T04:18:04","date_gmt":"2018-05-01T02:18:04","guid":{"rendered":"http:\/\/atomic.oxy.host\/?page_id=233"},"modified":"2023-01-14T22:51:43","modified_gmt":"2023-01-14T21:51:43","slug":"kontakt","status":"publish","type":"page","link":"https:\/\/kackvegascnc.pl\/index.php\/kontakt\/","title":{"rendered":"Kontakt"},"content":{"rendered":"","protected":false},"excerpt":{"rendered":"","protected":false},"author":2,"featured_media":0,"parent":0,"menu_order":0,"comment_status":"closed","ping_status":"closed","template":"","meta":{"ct_builder_shortcodes":"[ct_section ct_sign_sha256='e41e993cbc0950ba2a702525a12aac0ec48457bfa7467609be4e9fa8e48ecf17' ct_options='{\"ct_id\":71,\"ct_parent\":0,\"selector\":\"section-71-26\",\"original\":{\"container-padding-top\":\"0\",\"container-padding-bottom\":\"180\",\"background-image\":\"http:\/\/kackvegascnc.pl\/wp-content\/uploads\/2023\/01\/pattern3.png\",\"background-size\":\"cover\",\"height\":\"180\"},\"activeselector\":false}'][\/ct_section][ct_section ct_sign_sha256='6f857ebe78576d3f7cd2a320f19adc54f3964c383b56b1f1888970cb497a0675' ct_options='{\"ct_id\":2,\"ct_parent\":0,\"selector\":\"section-2-233\",\"original\":{\"background-color\":\"kackvegascnc@gmail.com\",\"container-padding-top\":\"46\",\"container-padding-bottom\":\"120\",\"container-padding-left\":\"0\",\"container-padding-right\":\"0\",\"flex-direction\":\"column\",\"display\":\"flex\",\"text-align\":\"center\",\"align-items\":\"center\"},\"activeselector\":false,\"nicename\":\"Form Map and Contacts\",\"media\":{\"phone-landscape\":{\"original\":{\"container-padding-top\":\"30\",\"container-padding-bottom\":\"20\"}}}}'][ct_headline ct_sign_sha256='2bfd1516204646415d1d8ce66551ad9e238b9b2b0cf9b8a02953916168d245c7' ct_options='{\"ct_id\":75,\"ct_parent\":2,\"selector\":\"headline-75-26\",\"original\":{\"tag\":\"h2\",\"margin-bottom\":\"12\",\"color\":\"#182026\",\"font-size\":\"50\"},\"classes\":{\"0\":\"atomic-secondary-heading\"}}']Kontakt[\/ct_headline][ct_text_block ct_sign_sha256='32f447430e1a2fd3f956f4e9d19c5f5e5cbe85a579b0b76d8818749fd9259260' ct_options='{\"ct_id\":20,\"ct_parent\":2,\"selector\":\"text_block-20-233\",\"classes\":{\"0\":\"atomic-contact-10-text\"},\"activeselector\":\"atomic-contact-10-text\"}']<div align=\"center\">Projekty i zapytania w sprawie wyceny prosimy kierowa\u0107 drog\u0105 mailow\u0105. <br><br>Pami\u0119taj, aby do\u0142\u0105czy\u0107 sw\u00f3j numer telefonu - przyspieszy to kontakt i u\u0142atwi omawianie szczeg\u00f3\u0142\u00f3w.<\/div>[\/ct_text_block][ct_div_block_2 ct_sign_sha256='59a2d044ae685099c434638de46dc7fe220a94bb262eff81c77f8c34625aca8a' ct_options='{\"ct_id\":7,\"ct_parent\":2,\"selector\":\"div_block-7-233\",\"classes\":{\"0\":\"atomic-contact-10-wrapper\"},\"activeselector\":\"atomic-contact-10-wrapper\"}'][ct_fancy_icon ct_sign_sha256='7b240086137cc27aa968a811d4f4ccffcbbb303862aaff26ef7c3033317457de' ct_options='{\"ct_id\":8,\"ct_parent\":7,\"selector\":\"fancy_icon-8-233\",\"original\":{\"icon-size\":\"24\",\"icon-id\":\"FontAwesomeicon-phone\"},\"classes\":{\"0\":\"atomic-contact-10-icon\"},\"activeselector\":\"atomic-contact-10-icon\"}'][\/ct_fancy_icon][ct_text_block ct_sign_sha256='915961c2b60253f059bd3f25a3a1cf0508fa41868a86e1b3bd162e8c67b3bd37' ct_options='{\"ct_id\":9,\"ct_parent\":7,\"selector\":\"text_block-9-233\",\"original\":{\"font-size\":\"18\",\"color\":\"#182026\",\"font-weight\":\"400\",\"line-height\":\"1.4\",\"-webkit-font-smoothing\":\"antialiased\"}}']<div align=\"center\">+48 731-999-836<\/div>[\/ct_text_block][\/ct_div_block_2][ct_div_block_2 ct_sign_sha256='3b3cfc0e3e31490133f1d3cd73b054eaae434df42041d9324a86058c1032638e' ct_options='{\"ct_id\":10,\"ct_parent\":2,\"selector\":\"div_block-10-233\",\"classes\":{\"0\":\"atomic-contact-10-wrapper\"},\"activeselector\":\"atomic-contact-10-wrapper\"}'][ct_fancy_icon ct_sign_sha256='52dedf3f79da72316998d7b43cc0de35d794c97abdb3a913a46447413f7b8398' ct_options='{\"ct_id\":11,\"ct_parent\":10,\"selector\":\"fancy_icon-11-233\",\"original\":{\"icon-size\":\"24\",\"icon-id\":\"FontAwesomeicon-envelope\"},\"classes\":{\"0\":\"atomic-contact-10-icon\"},\"activeselector\":\"atomic-contact-10-icon\"}'][\/ct_fancy_icon][ct_link_text ct_sign_sha256='c76cc420ef57c843006003901624d434afea3cb5b45ad446059cc8f669f8f73b' ct_options='{\"ct_id\":12,\"ct_parent\":10,\"selector\":\"link_text-12-233\",\"original\":{\"font-size\":\"18\",\"color\":\"color(3)\",\"hover_color\":\"color(6)\",\"font-weight\":\"400\",\"text-decoration\":\"none\",\"line-height\":\"1.4\",\"url\":\"mailto:kackvegascnc@gmail.com\",\"url_encoded\":\"true\",\"-webkit-font-smoothing\":\"antialiased\"},\"hover\":{\"color\":\"color(6)\"}}']kackvegascnc@gmail.com[\/ct_link_text][\/ct_div_block_2][oxy_social_icons ct_sign_sha256='6a3c508efa4bb4d988b178ac515b671678b03f94ac94a92b89a0c6c8bc70cd4c' ct_options='{\"ct_id\":13,\"ct_parent\":2,\"selector\":\"_social_icons-13-233\",\"original\":{\"icon-facebook\":\"https:\/\/www.facebook.com\/profile.php?id=100086533015528&locale=pl_PL\",\"icon-style\":\"square\",\"icon-use-brand-colors\":\"yes\",\"icon-size\":\"40\",\"icon-space-between-icons\":\"12\",\"padding-left\":\"1\",\"padding-right\":\"0\",\"icon-instagram\":\"https:\/\/www.instagram.com\/kack_vegas_cnc?igsh=MTlpYzV1MGswdTJhMQ==\",\"margin-top\":\"49\"}}'][\/oxy_social_icons][ct_new_columns_2 ct_sign_sha256='5019807edbf3e47763761b8194542477a0a9f4560ce1f3cc13b097ce59d1bd5f' ct_options='{\"ct_id\":3,\"ct_parent\":2,\"selector\":\"new_columns-3-233\",\"original\":{\"stack-columns-vertically\":\"tablet\"}}'][ct_div_block_2 ct_sign_sha256='d9041053c7667e4c08a0dc1d0c9198ec7f1eaa5e2d312fece9dd7abfe84f92f3' ct_options='{\"ct_id\":18,\"ct_parent\":3,\"selector\":\"div_block-18-233\",\"original\":{\"width\":\"100.00\",\"width-unit\":\"%\",\"align-items\":\"center\",\"text-align\":\"center\",\"padding-top\":\"0\",\"margin-top\":\"103\"},\"activeselector\":false}'][ct_link_3 ct_sign_sha256='8d5c6df9befaed0de5739cfd93b091afad153e517bdf818e6c215d7547c38f0c' ct_options='{\"ct_id\":82,\"ct_parent\":18,\"selector\":\"link-82-26\"}'][ct_headline ct_sign_sha256='a14b5618593234ec0f1ba695924c3683c629fcf7ec9fc92f5c0ffd3e67c5d627' ct_options='{\"ct_id\":5,\"ct_parent\":82,\"selector\":\"headline-5-233\",\"original\":{\"tag\":\"h2\",\"margin-bottom\":\"12\",\"color\":\"#182026\",\"font-size\":\"50\"},\"classes\":{\"0\":\"atomic-secondary-heading\"}}']Napisz do nas:[\/ct_headline][\/ct_link_3][oxy-contact-form-7 ct_sign_sha256='13d1084aff4dea07ec74ce0c7c765fcd1c9de0a93b4256dac35ae92bbc5ae046' ct_options='{\"ct_id\":62,\"ct_parent\":18,\"selector\":\"-contact-form-7-62-26\"}'][\/oxy-contact-form-7][ct_headline ct_sign_sha256='1244f5d76850a721dd86632c0972932b73c6850d760417a9db4e71ab20465e94' ct_options='{\"ct_id\":14,\"ct_parent\":18,\"selector\":\"headline-14-233\",\"original\":{\"tag\":\"h3\",\"margin-bottom\":\"12\",\"margin-top\":\"0\",\"color\":\"#182026\",\"font-size\":\"50\"},\"classes\":{\"0\":\"atomic-tritary-heading\"}}']<br>Lokalizacja[\/ct_headline][ct_text_block ct_sign_sha256='dfcac79e5e6577ce2127f2e663ca19b5f785dbc2b71e78986e1571f8e2076aff' ct_options='{\"ct_id\":15,\"ct_parent\":18,\"selector\":\"text_block-15-233\",\"classes\":{\"0\":\"atomic-contact-10-text\"},\"activeselector\":\"atomic-contact-10-text\"}']Gdynia, Ma\u0142y Kack ul. Ora\u0144ska<br>Uwaga! Nasz zak\u0142ad nie jest dost\u0119pny dla odwiedzaj\u0105cych bez wcze\u015bniejszego um\u00f3wienia wizyty. <br>[\/ct_text_block][ct_headline ct_sign_sha256='17be9509a0bb4c2fc407455435e1eac0033e204dbe0db5fd85cc6f056d87a853' ct_options='{\"ct_id\":19,\"ct_parent\":18,\"selector\":\"headline-19-233\",\"original\":{\"tag\":\"h3\",\"margin-bottom\":\"12\",\"color\":\"#ffff\"},\"classes\":{\"0\":\"atomic-tritary-heading\"}}']<br>[\/ct_headline][oxy_map ct_sign_sha256='ea161018c7a4f8070a4f825bd39080401375dca1a10dc75fa9874332abf01fbc' ct_options='{\"ct_id\":42,\"ct_parent\":18,\"selector\":\"_map-42-26\",\"original\":{\"map_address\":\"Ora\u0144ska, Gdynia\"},\"activeselector\":false}'][\/oxy_map][\/ct_div_block_2][\/ct_new_columns_2][ct_headline ct_sign_sha256='ebfd5b1da45b52c9d0996f02cde30867de107c0cf60f6b39825393199bfdc698' ct_options='{\"ct_id\":70,\"ct_parent\":2,\"selector\":\"headline-70-26\"}']<br>[\/ct_headline][\/ct_section][ct_section ct_sign_sha256='b11bea2875db9b7c4814a56d09967f167d5497d77a907d2281dfd71ac3545063' ct_options='{\"ct_id\":60,\"ct_parent\":0,\"selector\":\"section-60-26\"}'][\/ct_section]","ct_template_type":"","ct_parent_template":0,"footnotes":""},"class_list":["post-26","page","type-page","status-publish","hentry"],"_links":{"self":[{"href":"https:\/\/kackvegascnc.pl\/index.php\/wp-json\/wp\/v2\/pages\/26","targetHints":{"allow":["GET"]}}],"collection":[{"href":"https:\/\/kackvegascnc.pl\/index.php\/wp-json\/wp\/v2\/pages"}],"about":[{"href":"https:\/\/kackvegascnc.pl\/index.php\/wp-json\/wp\/v2\/types\/page"}],"author":[{"embeddable":true,"href":"https:\/\/kackvegascnc.pl\/index.php\/wp-json\/wp\/v2\/users\/2"}],"replies":[{"embeddable":true,"href":"https:\/\/kackvegascnc.pl\/index.php\/wp-json\/wp\/v2\/comments?post=26"}],"version-history":[{"count":2,"href":"https:\/\/kackvegascnc.pl\/index.php\/wp-json\/wp\/v2\/pages\/26\/revisions"}],"predecessor-version":[{"id":61,"href":"https:\/\/kackvegascnc.pl\/index.php\/wp-json\/wp\/v2\/pages\/26\/revisions\/61"}],"wp:attachment":[{"href":"https:\/\/kackvegascnc.pl\/index.php\/wp-json\/wp\/v2\/media?parent=26"}],"curies":[{"name":"wp","href":"https:\/\/api.w.org\/{rel}","templated":true}]}}