{"id":29,"date":"2018-05-01T03:52:02","date_gmt":"2018-05-01T03:52:02","guid":{"rendered":"http:\/\/atomic.oxy.host\/?page_id=224"},"modified":"2024-02-07T22:40:00","modified_gmt":"2024-02-07T21:40:00","slug":"home","status":"publish","type":"page","link":"https:\/\/kackvegascnc.pl\/","title":{"rendered":"Oferta"},"content":{"rendered":"","protected":false},"excerpt":{"rendered":"","protected":false},"author":2,"featured_media":0,"parent":0,"menu_order":0,"comment_status":"closed","ping_status":"closed","template":"","meta":{"ct_builder_shortcodes":"[ct_section ct_sign_sha256='466c320e16500e5f166d68a862d6443fe3465d3dd14652d6c2433dd0e4602681' ct_options='{\"ct_id\":2,\"ct_parent\":0,\"selector\":\"section-2-224\",\"original\":{\"container-padding-top\":\"32\",\"container-padding-bottom\":\"0\",\"flex-direction\":\"column\",\"display\":\"flex\",\"text-align\":\"center\",\"align-items\":\"center\",\"border-top-width\":\"1\",\"border-top-color\":\"color(13)\",\"container-padding-left\":\"40\",\"container-padding-right\":\"40\",\"border-top-style\":\"none\",\"border-right-style\":\"none\",\"border-bottom-style\":\"none\",\"border-left-style\":\"none\"},\"activeselector\":false,\"nicename\":\"Hero Simple Two Buttons\"}'][ct_headline ct_sign_sha256='4ab02cd5a948d0c843babe4ca538f6b4a48bcce49a469ad7c915a1890ebfedb7' ct_options='{\"ct_id\":4,\"ct_parent\":2,\"selector\":\"headline-4-224\",\"original\":{\"margin-bottom\":\"12\",\"margin-top\":\"28\"},\"classes\":{\"0\":\"atomic-primary-heading\"},\"media\":{\"phone-landscape\":{\"original\":{\"margin-left\":\"20\",\"margin-right\":\"20\"}}},\"activeselector\":false}']Us\u0142ugi CNC[\/ct_headline][ct_text_block ct_sign_sha256='7becab7aafe159658e85d2d6f01404dac719256829928d2ea0e5e361efa98c82' ct_options='{\"ct_id\":5,\"ct_parent\":2,\"selector\":\"text_block-5-224\",\"original\":{\"margin-bottom\":\"60\",\"max-width\":\"1200\",\"font-size\":\"20\",\"margin-top\":\"36\"},\"classes\":{\"0\":\"atomic-subheading\"},\"media\":{\"phone-landscape\":{\"original\":{\"margin-left\":\"20\",\"margin-right\":\"20\"}}},\"activeselector\":false}']Oferujemy obr\u00f3bk\u0119 tworzyw sztucznych, drewna oraz materia\u0142\u00f3w drewnopochodnych na ploterze CNC o polu roboczym 1500x3000mm. Pracujemy na materiale w\u0142asnym oraz dostarczanym przez klienta.&nbsp;[\/ct_text_block][\/ct_section][ct_section_2 ct_sign_sha256='71314ab1739cb6968ad996c4886a96f814c4d65bdaba456fca3b7ef20f36bb36' ct_options='{\"ct_id\":94,\"ct_parent\":0,\"selector\":\"section-94-29\",\"original\":{\"background-image\":\"http:\/\/kackvegascnc.pl\/wp-content\/uploads\/2023\/01\/Midlands-CNC-Expert-Cutting-Serives-Banner-1-1800x1002-1.jpg\",\"container-padding-top\":\"372\"},\"activeselector\":false}'][\/ct_section_2][ct_section_2 ct_sign_sha256='df674d6e98d3c5c4c0ff4925ab5dd422573ae632bd144c55dd953e7fb183ac90' ct_options='{\"ct_id\":9,\"ct_parent\":0,\"selector\":\"section-9-224\",\"original\":{\"container-padding-bottom\":\"0\",\"flex-direction\":\"column\",\"display\":\"flex\",\"text-align\":\"center\",\"align-items\":\"center\",\"background-color\":\"color(5)\",\"background-image\":\"http:\/\/kackvegascnc.pl\/wp-content\/uploads\/2023\/01\/pattern3.png\",\"background-size\":\"contain\",\"background-repeat\":\"repeat-y\",\"background-attachment\":\"fixed\"},\"activeselector\":false,\"nicename\":\"Testimonials One Column\"}'][ct_headline ct_sign_sha256='000f5df304bff5d893b540dbb8098e23f1653185fb16a1e515740d7baca313cb' ct_options='{\"ct_id\":10,\"ct_parent\":9,\"selector\":\"headline-10-224\",\"original\":{\"tag\":\"h2\",\"margin-bottom\":\"12\",\"margin-left\":\"20\",\"margin-right\":\"20\",\"color\":\"#fff\"},\"classes\":{\"0\":\"atomic-secondary-heading\"},\"activeselector\":false}']W naszej ofercie r\u00f3wnie\u017c:[\/ct_headline][ct_text_block ct_sign_sha256='bde87700e37d8165ae25388bdf8f2bde7fc8f7e41bc32e487c953521a58cdee2' ct_options='{\"ct_id\":11,\"ct_parent\":9,\"selector\":\"text_block-11-224\",\"original\":{\"margin-bottom\":\"64\",\"margin-left\":\"20\",\"margin-right\":\"20\",\"color\":\"#fff\"},\"classes\":{\"0\":\"atomic-subheading\"},\"activeselector\":false}'][\/ct_text_block][ct_new_columns_3 ct_sign_sha256='ae2e048742733c0a4588f03e1539a13eb365a4a0e297ffc3f3ca2a69baa7ece7' ct_options='{\"ct_id\":12,\"ct_parent\":9,\"selector\":\"new_columns-12-224\"}'][ct_div_block_3 ct_sign_sha256='b7e0609685e20c59ca847c4f0718a95688f7c912db3fd557fc1e2203f361b337' ct_options='{\"ct_id\":13,\"ct_parent\":12,\"selector\":\"div_block-13-224\",\"original\":{\"width\":33.33,\"width-unit\":\"%\"}}'][ct_div_block_4 ct_sign_sha256='d6da8f4b0382eeba45d67a4f29feef0e389b66bbff7c1be4ced6fd14f0ca5f1c' ct_options='{\"ct_id\":14,\"ct_parent\":13,\"selector\":\"div_block-14-224\",\"classes\":{\"0\":\"atomic-testimonial-11-wrapper\"},\"activeselector\":\"atomic-testimonial-11-wrapper\"}'][ct_image ct_sign_sha256='15c2183ce8be1f1be9788a2b7379ab550535bbecf6ce617366e634ab5dfc80c9' ct_options='{\"ct_id\":15,\"ct_parent\":14,\"selector\":\"image-15-224\",\"original\":{\"src\":\"http:\/\/kackvegascnc.pl\/wp-content\/uploads\/2023\/01\/1369944830-1.jpg\",\"image_type\":\"2\",\"attachment_id\":64,\"attachment_height\":300,\"attachment_width\":300,\"attachment_url\":\"http:\/\/kackvegascnc.pl\/wp-content\/uploads\/2023\/01\/1369944830-1-300x300.jpg\"},\"classes\":{\"0\":\"atomic-testimonial-11-avatar\"},\"activeselector\":\"atomic-testimonial-11-avatar\"}'][\/ct_image][ct_headline ct_sign_sha256='5e9da0c1d536947c3a2c09fa4549fb26754e3ef10882983c8e5dbf4246bbca14' ct_options='{\"ct_id\":16,\"ct_parent\":14,\"selector\":\"headline-16-224\",\"original\":{\"tag\":\"h4\"},\"classes\":{\"0\":\"atomic-testimonial-11-author\"},\"activeselector\":\"atomic-testimonial-11-author\"}']CI\u0118CIE CNC NIETYPOWYCH FRONT\u00d3W MEBLOWYCH ORAZ DEKORACJI WN\u0118TRZ[\/ct_headline][ct_text_block ct_sign_sha256='c1a86f884dfaa6c76f6cd16deaed1eb6bb251e10134b8f4a5cb26d9da10ec4a3' ct_options='{\"ct_id\":17,\"ct_parent\":14,\"selector\":\"text_block-17-224\",\"classes\":{\"0\":\"atomic-testimonial-11-small-text\"},\"activeselector\":\"atomic-testimonial-11-small-text\"}'][\/ct_text_block][ct_text_block ct_sign_sha256='c68e104397144939c9465ca0e4bed037e1ce841140a4872cf399abb170c9d163' ct_options='{\"ct_id\":18,\"ct_parent\":14,\"selector\":\"text_block-18-224\",\"classes\":{\"0\":\"atomic-testimonial-11-text\"},\"activeselector\":\"atomic-testimonial-11-text\"}']Kompleksowa us\u0142uga produkcji na wymiar oraz profesjonalnego lakierowania:<br><br>- Front\u00f3w meblowych<br><br>- \u015aciennych paneli ozdobnych<br><br>- Nietypowych ram luster&nbsp;[\/ct_text_block][ct_link_text ct_sign_sha256='1af424f947378bffbd8f92dbebf7fc4117d86a9af731835efae8a9a8b985b7bc' ct_options='{\"ct_id\":19,\"ct_parent\":14,\"selector\":\"link_text-19-224\",\"classes\":{\"0\":\"atomic-medium-button\"},\"original\":{\"margin-top-unit\":\"auto\",\"margin-top\":\"0\",\"width-unit\":\"%\",\"width\":\"100\",\"url\":\"https:\/\/kackvegascnc.pl\/index.php\/realizacje\/\",\"url_encoded\":\"true\"},\"activeselector\":false}']Realizacje[\/ct_link_text][\/ct_div_block_4][\/ct_div_block_3][ct_div_block_3 ct_sign_sha256='b6d37e2054d4cff1739adf5cfa09ec6697802319812510ce55d2616dcc177438' ct_options='{\"ct_id\":20,\"ct_parent\":12,\"selector\":\"div_block-20-224\",\"original\":{\"width\":33.33,\"width-unit\":\"%\"}}'][ct_div_block_4 ct_sign_sha256='16f2c16e9271ff543c04e419dcfc8e40234953f9b5dbda81b00835c3d7624a8d' ct_options='{\"ct_id\":21,\"ct_parent\":20,\"selector\":\"div_block-21-224\",\"classes\":{\"0\":\"atomic-testimonial-11-wrapper\"},\"activeselector\":\"atomic-testimonial-11-wrapper\"}'][ct_image ct_sign_sha256='9c76e0cd06ab8373fb10f3e8fa48d9feff0b062a14f32983370709ab61658f59' ct_options='{\"ct_id\":22,\"ct_parent\":21,\"selector\":\"image-22-224\",\"original\":{\"src\":\"http:\/\/kackvegascnc.pl\/wp-content\/uploads\/2023\/01\/material-cutting-process.webp\"},\"classes\":{\"0\":\"atomic-testimonial-11-avatar\"},\"activeselector\":\"atomic-testimonial-11-avatar\"}'][\/ct_image][ct_headline ct_sign_sha256='1101d2917116fe027fa3693401b5b131304915afc375e0760220fd76c53c7aa7' ct_options='{\"ct_id\":23,\"ct_parent\":21,\"selector\":\"headline-23-224\",\"original\":{\"tag\":\"h4\"},\"classes\":{\"0\":\"atomic-testimonial-11-author\"},\"activeselector\":\"atomic-testimonial-11-author\"}']FREZOWANIE CNC POLIPROPYLENU (PP)<br><br>SPECJALIZUJEMY SI\u0118 W TYM TWORZYWIE![\/ct_headline][ct_text_block ct_sign_sha256='4ef3e56bcdad2abfe99c4f0cc3e7616e7413810fad70b5bc173c140898d3d744' ct_options='{\"ct_id\":25,\"ct_parent\":21,\"selector\":\"text_block-25-224\",\"classes\":{\"0\":\"atomic-testimonial-11-text\"},\"activeselector\":\"atomic-testimonial-11-text\"}'][\/ct_text_block][ct_text_block ct_sign_sha256='e6e603639d8e9cb6dca4536762b962534410fa5ea3514d1c230f41b4ff663491' ct_options='{\"ct_id\":138,\"ct_parent\":21,\"selector\":\"text_block-138-29\",\"classes\":{\"0\":\"atomic-testimonial-11-text\"},\"activeselector\":\"atomic-testimonial-11-text\"}']- Sprzeda\u017c p\u0142yt 3000x1500mm lub formatek ci\u0119tych na wymiar<br><br>- Obr\u00f3bka tworzyw sztucznych <br><br>- Projektowanie detali<br><br>- Spawanie polipropylenu[\/ct_text_block][ct_link_text ct_sign_sha256='02d52e2a245136d30e28a5fe5334f2fe39a8c1b5a245ca9ff477f0040252d834' ct_options='{\"ct_id\":26,\"ct_parent\":21,\"selector\":\"link_text-26-224\",\"classes\":{\"0\":\"atomic-medium-button\"},\"original\":{\"margin-top-unit\":\"auto\",\"margin-top\":\"0\",\"url\":\"https:\/\/kackvegascnc.pl\/index.php\/realizacje\/\",\"width-unit\":\"%\",\"width\":\"100\",\"url_encoded\":\"true\"}}']Realizacje[\/ct_link_text][\/ct_div_block_4][\/ct_div_block_3][ct_div_block_3 ct_sign_sha256='da63fbe17ba42538edb535f8f1d7b1e04f61af927b41da3ee27be35b0bd71b3b' ct_options='{\"ct_id\":27,\"ct_parent\":12,\"selector\":\"div_block-27-224\",\"original\":{\"width\":33.34,\"width-unit\":\"%\"}}'][ct_div_block_4 ct_sign_sha256='a84d93395f7180f4a390cd018830c5bcc0d313e17839126ed3ea9ced7523a334' ct_options='{\"ct_id\":28,\"ct_parent\":27,\"selector\":\"div_block-28-224\",\"classes\":{\"0\":\"atomic-testimonial-11-wrapper\"},\"activeselector\":\"atomic-testimonial-11-wrapper\"}'][ct_image ct_sign_sha256='703c844c1897076f96e69df8b75887cef3bb997f6a9ed49ebe5331af22acc984' ct_options='{\"ct_id\":29,\"ct_parent\":28,\"selector\":\"image-29-224\",\"original\":{\"src\":\"http:\/\/kackvegascnc.pl\/wp-content\/uploads\/2023\/01\/lasercut-industry-scaled-e1673721810405.jpg\"},\"classes\":{\"0\":\"atomic-testimonial-11-avatar\"},\"activeselector\":\"atomic-testimonial-11-avatar\"}'][\/ct_image][ct_headline ct_sign_sha256='2126b962e1212b704328a728966002eb6e1466a945f0cf8e4f79e373c4991c31' ct_options='{\"ct_id\":30,\"ct_parent\":28,\"selector\":\"headline-30-224\",\"original\":{\"tag\":\"h4\"},\"classes\":{\"0\":\"atomic-testimonial-11-author\"},\"activeselector\":\"atomic-testimonial-11-author\"}']ARTYSTYCZNE OZDOBY \u015aLUBNE I NIE TYLKO<br>[\/ct_headline][ct_text_block ct_sign_sha256='9078e10a078c14fbb15089b498f7b553d3a741abe622f3613c4a4f51b3b1d49f' ct_options='{\"ct_id\":31,\"ct_parent\":28,\"selector\":\"text_block-31-224\",\"classes\":{\"0\":\"atomic-testimonial-11-small-text\"},\"activeselector\":\"atomic-testimonial-11-small-text\"}'][\/ct_text_block][ct_text_block ct_sign_sha256='4462500f7c4e10429e74bd6d846c0687bf5d84232ebdefe7523cf45fed91ae8c' ct_options='{\"ct_id\":32,\"ct_parent\":28,\"selector\":\"text_block-32-224\",\"classes\":{\"0\":\"atomic-testimonial-11-text\"},\"activeselector\":\"atomic-testimonial-11-text\"}']<br>[\/ct_text_block][ct_text_block ct_sign_sha256='988b3a79db7c554ac20de2a1ef7eced763594250d794907e192d4cd3673e262e' ct_options='{\"ct_id\":160,\"ct_parent\":28,\"selector\":\"text_block-160-29\",\"classes\":{\"0\":\"atomic-testimonial-11-text\"},\"activeselector\":\"atomic-testimonial-11-text\"}']Z pomoc\u0105 naszej obrabiarki CNC wykonujemy&nbsp; drewniane dekoracje\/prezenty \u015blubne pomalowane w niepowtarzalny spos\u00f3b.&nbsp;<br><br>Oraz:<br>- Elementy scenografii<br>- Ozdobne detale<br>&nbsp;ozdabiaj\u0105ce wn\u0119trza&nbsp;<br>- Kasetony instalacje reklamowe[\/ct_text_block][ct_link_text ct_sign_sha256='c15b1a46383c12e0f2995653b425865b33e1031b936b6e7dd06a2eb026ab5af7' ct_options='{\"ct_id\":33,\"ct_parent\":28,\"selector\":\"link_text-33-224\",\"classes\":{\"0\":\"atomic-medium-button\"},\"original\":{\"margin-top-unit\":\"auto\",\"margin-top\":\"0\",\"url\":\"https:\/\/kackvegascnc.pl\/index.php\/realizacje\/\",\"width-unit\":\"%\",\"width\":\"100\",\"url_encoded\":\"true\"},\"activeselector\":false}']Realizacje[\/ct_link_text][\/ct_div_block_4][\/ct_div_block_3][\/ct_new_columns_3][\/ct_section_2][ct_section ct_sign_sha256='6bd291535376349713089cd204bbc421fe8d4e4ddebce12dc1a773abe8218987' ct_options='{\"ct_id\":70,\"ct_parent\":0,\"selector\":\"section-70-224\",\"original\":{\"container-padding-top\":\"52\",\"container-padding-bottom\":\"0\",\"flex-direction\":\"column\",\"display\":\"flex\",\"text-align\":\"center\",\"align-items\":\"center\"},\"activeselector\":false,\"nicename\":\"CTA License\"}'][ct_headline ct_sign_sha256='e70af6172d96ebea225929c0b1a9e4f28d92e1962b8515b140d40d1c520c6419' ct_options='{\"ct_id\":71,\"ct_parent\":70,\"selector\":\"headline-71-224\",\"original\":{\"tag\":\"h2\",\"margin-bottom\":\"12\",\"margin-left\":\"20\",\"margin-right\":\"20\"},\"classes\":{\"0\":\"atomic-secondary-heading\"},\"activeselector\":false}']Tworzymy w Tr\u00f3jmie\u015bcie[\/ct_headline][ct_text_block ct_sign_sha256='a9a9d03d15ecb086fa6b8fd029155da9abdbdb5191ad4cb0cb24b10909d062ab' ct_options='{\"ct_id\":72,\"ct_parent\":70,\"selector\":\"text_block-72-224\",\"original\":{\"margin-bottom\":\"42\",\"margin-left\":\"20\",\"margin-right\":\"20\"},\"classes\":{\"0\":\"atomic-subheading\"}}']Dostarczamy na terenie ca\u0142ej Europy[\/ct_text_block][\/ct_section]","ct_template_type":"","ct_parent_template":0,"footnotes":""},"class_list":["post-29","page","type-page","status-publish","hentry"],"_links":{"self":[{"href":"https:\/\/kackvegascnc.pl\/index.php\/wp-json\/wp\/v2\/pages\/29","targetHints":{"allow":["GET"]}}],"collection":[{"href":"https:\/\/kackvegascnc.pl\/index.php\/wp-json\/wp\/v2\/pages"}],"about":[{"href":"https:\/\/kackvegascnc.pl\/index.php\/wp-json\/wp\/v2\/types\/page"}],"author":[{"embeddable":true,"href":"https:\/\/kackvegascnc.pl\/index.php\/wp-json\/wp\/v2\/users\/2"}],"replies":[{"embeddable":true,"href":"https:\/\/kackvegascnc.pl\/index.php\/wp-json\/wp\/v2\/comments?post=29"}],"version-history":[{"count":2,"href":"https:\/\/kackvegascnc.pl\/index.php\/wp-json\/wp\/v2\/pages\/29\/revisions"}],"predecessor-version":[{"id":78,"href":"https:\/\/kackvegascnc.pl\/index.php\/wp-json\/wp\/v2\/pages\/29\/revisions\/78"}],"wp:attachment":[{"href":"https:\/\/kackvegascnc.pl\/index.php\/wp-json\/wp\/v2\/media?parent=29"}],"curies":[{"name":"wp","href":"https:\/\/api.w.org\/{rel}","templated":true}]}}